{"id":28867,"date":"2026-03-28T15:09:23","date_gmt":"2026-03-28T12:09:23","guid":{"rendered":"https:\/\/gorgulushoppingcenteravm.com\/?post_type=product&#038;p=28867"},"modified":"2026-03-28T15:09:23","modified_gmt":"2026-03-28T12:09:23","slug":"asci-desenli-mutfak-havlusu","status":"publish","type":"product","link":"https:\/\/gorgulushoppingcenteravm.com\/en\/product\/asci-desenli-mutfak-havlusu\/","title":{"rendered":"Chef-patterned kitchen towel."},"content":{"rendered":"<h1 class=\"product_title entry-title wd-entities-title\">Chef-patterned kitchen towel.<\/h1>\n<p>Offering an efficient and practical solution with its multi-purpose use, it adds color to your kitchen with its different color and model options.<\/p>\n<p>Thanks to its composition, it provides strong absorbency.<\/p>\n<p>If you are looking for a combination of practicality and style in your kitchen,<\/p>\n<p>This kitchen towel is perfect for you.<\/p>\n<p>TECHNICAL SPECIFICATIONS<\/p>\n<p>60*40 CM IN LENGTH<\/p>","protected":false},"excerpt":{"rendered":"<h1 class=\"product_title entry-title wd-entities-title\">Chef-themed kitchen towel, 60*40 cm.<\/h1>","protected":false},"featured_media":28868,"comment_status":"closed","ping_status":"closed","template":"","meta":{"_joinchat":[]},"product_brand":[],"product_cat":[86,28],"product_tag":[],"class_list":{"0":"post-28867","1":"product","2":"type-product","3":"status-publish","4":"has-post-thumbnail","6":"product_cat-mutfak-havlusu","7":"product_cat-tum-urunlerimiz","9":"first","10":"instock","11":"sale","12":"shipping-taxable","13":"purchasable","14":"product-type-simple"},"yoast_head":"<!-- This site is optimized with the Yoast SEO plugin v25.4 - https:\/\/yoast.com\/wordpress\/plugins\/seo\/ -->\n<title>A\u015eCI DESENL\u0130 MUTFAK HAVLUSU - G\u00f6rg\u00fcl\u00fc Shopping Center<\/title>\n<meta name=\"robots\" content=\"index, follow, max-snippet:-1, max-image-preview:large, max-video-preview:-1\" \/>\n<link rel=\"canonical\" href=\"https:\/\/gorgulushoppingcenteravm.com\/en\/product\/asci-desenli-mutfak-havlusu\/\" \/>\n<meta property=\"og:locale\" content=\"en_US\" \/>\n<meta property=\"og:type\" content=\"article\" \/>\n<meta property=\"og:title\" content=\"A\u015eCI DESENL\u0130 MUTFAK HAVLUSU - G\u00f6rg\u00fcl\u00fc Shopping Center\" \/>\n<meta property=\"og:description\" content=\"A\u015eCI DESENL\u0130 MUTFAK HAVLUSU 60*40 CM\" \/>\n<meta property=\"og:url\" content=\"https:\/\/gorgulushoppingcenteravm.com\/en\/product\/asci-desenli-mutfak-havlusu\/\" \/>\n<meta property=\"og:site_name\" content=\"G\u00f6rg\u00fcl\u00fc Shopping Center\" \/>\n<meta property=\"og:image\" content=\"https:\/\/gorgulushoppingcenteravm.com\/wp-content\/uploads\/2026\/03\/WhatsApp-Image-2026-03-28-at-14.03.42.jpeg\" \/>\n\t<meta property=\"og:image:width\" content=\"1200\" \/>\n\t<meta property=\"og:image:height\" content=\"1600\" \/>\n\t<meta property=\"og:image:type\" content=\"image\/jpeg\" \/>\n<meta name=\"twitter:card\" content=\"summary_large_image\" \/>\n<meta name=\"twitter:label1\" content=\"Est. reading time\" \/>\n\t<meta name=\"twitter:data1\" content=\"1 minute\" \/>\n<script type=\"application\/ld+json\" class=\"yoast-schema-graph\">{\"@context\":\"https:\/\/schema.org\",\"@graph\":[{\"@type\":\"WebPage\",\"@id\":\"https:\/\/gorgulushoppingcenteravm.com\/urun\/asci-desenli-mutfak-havlusu\/\",\"url\":\"https:\/\/gorgulushoppingcenteravm.com\/urun\/asci-desenli-mutfak-havlusu\/\",\"name\":\"A\u015eCI DESENL\u0130 MUTFAK HAVLUSU - G\u00f6rg\u00fcl\u00fc Shopping Center\",\"isPartOf\":{\"@id\":\"https:\/\/gorgulushoppingcenteravm.com\/#website\"},\"primaryImageOfPage\":{\"@id\":\"https:\/\/gorgulushoppingcenteravm.com\/urun\/asci-desenli-mutfak-havlusu\/#primaryimage\"},\"image\":{\"@id\":\"https:\/\/gorgulushoppingcenteravm.com\/urun\/asci-desenli-mutfak-havlusu\/#primaryimage\"},\"thumbnailUrl\":\"https:\/\/gorgulushoppingcenteravm.com\/wp-content\/uploads\/2026\/03\/WhatsApp-Image-2026-03-28-at-14.03.42.jpeg\",\"datePublished\":\"2026-03-28T12:09:23+00:00\",\"breadcrumb\":{\"@id\":\"https:\/\/gorgulushoppingcenteravm.com\/urun\/asci-desenli-mutfak-havlusu\/#breadcrumb\"},\"inLanguage\":\"en-US\",\"potentialAction\":[{\"@type\":\"ReadAction\",\"target\":[\"https:\/\/gorgulushoppingcenteravm.com\/urun\/asci-desenli-mutfak-havlusu\/\"]}]},{\"@type\":\"ImageObject\",\"inLanguage\":\"en-US\",\"@id\":\"https:\/\/gorgulushoppingcenteravm.com\/urun\/asci-desenli-mutfak-havlusu\/#primaryimage\",\"url\":\"https:\/\/gorgulushoppingcenteravm.com\/wp-content\/uploads\/2026\/03\/WhatsApp-Image-2026-03-28-at-14.03.42.jpeg\",\"contentUrl\":\"https:\/\/gorgulushoppingcenteravm.com\/wp-content\/uploads\/2026\/03\/WhatsApp-Image-2026-03-28-at-14.03.42.jpeg\",\"width\":1200,\"height\":1600},{\"@type\":\"BreadcrumbList\",\"@id\":\"https:\/\/gorgulushoppingcenteravm.com\/urun\/asci-desenli-mutfak-havlusu\/#breadcrumb\",\"itemListElement\":[{\"@type\":\"ListItem\",\"position\":1,\"name\":\"Anasayfa\",\"item\":\"https:\/\/gorgulushoppingcenteravm.com\/\"},{\"@type\":\"ListItem\",\"position\":2,\"name\":\"Magaza\",\"item\":\"https:\/\/gorgulushoppingcenteravm.com\/magaza\/\"},{\"@type\":\"ListItem\",\"position\":3,\"name\":\"A\u015eCI DESENL\u0130 MUTFAK HAVLUSU\"}]},{\"@type\":\"WebSite\",\"@id\":\"https:\/\/gorgulushoppingcenteravm.com\/#website\",\"url\":\"https:\/\/gorgulushoppingcenteravm.com\/\",\"name\":\"G\u00f6rg\u00fcl\u00fc Shopping Center\",\"description\":\"G\u00f6rg\u00fcl\u00fc Shopping Center\",\"potentialAction\":[{\"@type\":\"SearchAction\",\"target\":{\"@type\":\"EntryPoint\",\"urlTemplate\":\"https:\/\/gorgulushoppingcenteravm.com\/?s={search_term_string}\"},\"query-input\":{\"@type\":\"PropertyValueSpecification\",\"valueRequired\":true,\"valueName\":\"search_term_string\"}}],\"inLanguage\":\"en-US\"}]}<\/script>\n<!-- \/ Yoast SEO plugin. -->","yoast_head_json":{"title":"A\u015eCI DESENL\u0130 MUTFAK HAVLUSU - G\u00f6rg\u00fcl\u00fc Shopping Center","robots":{"index":"index","follow":"follow","max-snippet":"max-snippet:-1","max-image-preview":"max-image-preview:large","max-video-preview":"max-video-preview:-1"},"canonical":"https:\/\/gorgulushoppingcenteravm.com\/en\/product\/asci-desenli-mutfak-havlusu\/","og_locale":"en_US","og_type":"article","og_title":"A\u015eCI DESENL\u0130 MUTFAK HAVLUSU - G\u00f6rg\u00fcl\u00fc Shopping Center","og_description":"A\u015eCI DESENL\u0130 MUTFAK HAVLUSU 60*40 CM","og_url":"https:\/\/gorgulushoppingcenteravm.com\/en\/product\/asci-desenli-mutfak-havlusu\/","og_site_name":"G\u00f6rg\u00fcl\u00fc Shopping Center","og_image":[{"width":1200,"height":1600,"url":"https:\/\/gorgulushoppingcenteravm.com\/wp-content\/uploads\/2026\/03\/WhatsApp-Image-2026-03-28-at-14.03.42.jpeg","type":"image\/jpeg"}],"twitter_card":"summary_large_image","twitter_misc":{"Est. reading time":"1 minute"},"schema":{"@context":"https:\/\/schema.org","@graph":[{"@type":"WebPage","@id":"https:\/\/gorgulushoppingcenteravm.com\/urun\/asci-desenli-mutfak-havlusu\/","url":"https:\/\/gorgulushoppingcenteravm.com\/urun\/asci-desenli-mutfak-havlusu\/","name":"A\u015eCI DESENL\u0130 MUTFAK HAVLUSU - G\u00f6rg\u00fcl\u00fc Shopping Center","isPartOf":{"@id":"https:\/\/gorgulushoppingcenteravm.com\/#website"},"primaryImageOfPage":{"@id":"https:\/\/gorgulushoppingcenteravm.com\/urun\/asci-desenli-mutfak-havlusu\/#primaryimage"},"image":{"@id":"https:\/\/gorgulushoppingcenteravm.com\/urun\/asci-desenli-mutfak-havlusu\/#primaryimage"},"thumbnailUrl":"https:\/\/gorgulushoppingcenteravm.com\/wp-content\/uploads\/2026\/03\/WhatsApp-Image-2026-03-28-at-14.03.42.jpeg","datePublished":"2026-03-28T12:09:23+00:00","breadcrumb":{"@id":"https:\/\/gorgulushoppingcenteravm.com\/urun\/asci-desenli-mutfak-havlusu\/#breadcrumb"},"inLanguage":"en-US","potentialAction":[{"@type":"ReadAction","target":["https:\/\/gorgulushoppingcenteravm.com\/urun\/asci-desenli-mutfak-havlusu\/"]}]},{"@type":"ImageObject","inLanguage":"en-US","@id":"https:\/\/gorgulushoppingcenteravm.com\/urun\/asci-desenli-mutfak-havlusu\/#primaryimage","url":"https:\/\/gorgulushoppingcenteravm.com\/wp-content\/uploads\/2026\/03\/WhatsApp-Image-2026-03-28-at-14.03.42.jpeg","contentUrl":"https:\/\/gorgulushoppingcenteravm.com\/wp-content\/uploads\/2026\/03\/WhatsApp-Image-2026-03-28-at-14.03.42.jpeg","width":1200,"height":1600},{"@type":"BreadcrumbList","@id":"https:\/\/gorgulushoppingcenteravm.com\/urun\/asci-desenli-mutfak-havlusu\/#breadcrumb","itemListElement":[{"@type":"ListItem","position":1,"name":"Anasayfa","item":"https:\/\/gorgulushoppingcenteravm.com\/"},{"@type":"ListItem","position":2,"name":"Magaza","item":"https:\/\/gorgulushoppingcenteravm.com\/magaza\/"},{"@type":"ListItem","position":3,"name":"A\u015eCI DESENL\u0130 MUTFAK HAVLUSU"}]},{"@type":"WebSite","@id":"https:\/\/gorgulushoppingcenteravm.com\/#website","url":"https:\/\/gorgulushoppingcenteravm.com\/","name":"G\u00f6rg\u00fcl\u00fc Shopping Center","description":"G\u00f6rg\u00fcl\u00fc Shopping Center","potentialAction":[{"@type":"SearchAction","target":{"@type":"EntryPoint","urlTemplate":"https:\/\/gorgulushoppingcenteravm.com\/?s={search_term_string}"},"query-input":{"@type":"PropertyValueSpecification","valueRequired":true,"valueName":"search_term_string"}}],"inLanguage":"en-US"}]}},"_links":{"self":[{"href":"https:\/\/gorgulushoppingcenteravm.com\/en\/wp-json\/wp\/v2\/product\/28867","targetHints":{"allow":["GET"]}}],"collection":[{"href":"https:\/\/gorgulushoppingcenteravm.com\/en\/wp-json\/wp\/v2\/product"}],"about":[{"href":"https:\/\/gorgulushoppingcenteravm.com\/en\/wp-json\/wp\/v2\/types\/product"}],"replies":[{"embeddable":true,"href":"https:\/\/gorgulushoppingcenteravm.com\/en\/wp-json\/wp\/v2\/comments?post=28867"}],"version-history":[{"count":1,"href":"https:\/\/gorgulushoppingcenteravm.com\/en\/wp-json\/wp\/v2\/product\/28867\/revisions"}],"predecessor-version":[{"id":28869,"href":"https:\/\/gorgulushoppingcenteravm.com\/en\/wp-json\/wp\/v2\/product\/28867\/revisions\/28869"}],"wp:featuredmedia":[{"embeddable":true,"href":"https:\/\/gorgulushoppingcenteravm.com\/en\/wp-json\/wp\/v2\/media\/28868"}],"wp:attachment":[{"href":"https:\/\/gorgulushoppingcenteravm.com\/en\/wp-json\/wp\/v2\/media?parent=28867"}],"wp:term":[{"taxonomy":"product_brand","embeddable":true,"href":"https:\/\/gorgulushoppingcenteravm.com\/en\/wp-json\/wp\/v2\/product_brand?post=28867"},{"taxonomy":"product_cat","embeddable":true,"href":"https:\/\/gorgulushoppingcenteravm.com\/en\/wp-json\/wp\/v2\/product_cat?post=28867"},{"taxonomy":"product_tag","embeddable":true,"href":"https:\/\/gorgulushoppingcenteravm.com\/en\/wp-json\/wp\/v2\/product_tag?post=28867"}],"curies":[{"name":"wp","href":"https:\/\/api.w.org\/{rel}","templated":true}]}}